{"id":259,"date":"2023-04-29T16:40:21","date_gmt":"2023-04-29T14:40:21","guid":{"rendered":"https:\/\/www.anjou-tfp-plomberie.fr\/?page_id=259"},"modified":"2024-03-15T15:49:20","modified_gmt":"2024-03-15T14:49:20","slug":"depannage-plomberie","status":"publish","type":"page","link":"https:\/\/www.anjou-tfp-plomberie.fr\/inlog\/depannage-plomberie\/","title":{"rendered":"D\u00e9pannage plomberie"},"content":{"rendered":"\t\t<div data-elementor-type=\"wp-page\" data-elementor-id=\"259\" class=\"elementor elementor-259\">\n\t\t\t\t\t\t<section class=\"elementor-section elementor-top-section elementor-element elementor-element-7e4d0bc elementor-section-boxed elementor-section-height-default elementor-section-height-default exad-glass-effect-no exad-sticky-section-no\" data-id=\"7e4d0bc\" data-element_type=\"section\">\n\t\t\t\t\t\t<div class=\"elementor-container elementor-column-gap-default\">\n\t\t\t\t\t<div class=\"elementor-column elementor-col-100 elementor-top-column elementor-element elementor-element-cc1834c exad-glass-effect-no exad-sticky-section-no\" data-id=\"cc1834c\" data-element_type=\"column\">\n\t\t\t<div class=\"elementor-widget-wrap elementor-element-populated\">\n\t\t\t\t\t\t<div class=\"elementor-element elementor-element-b39d5da exad-sticky-section-no exad-glass-effect-no elementor-widget elementor-widget-heading\" data-id=\"b39d5da\" data-element_type=\"widget\" data-widget_type=\"heading.default\">\n\t\t\t\t<div class=\"elementor-widget-container\">\n\t\t\t\t\t<h1 class=\"elementor-heading-title elementor-size-default\">Urgences et D\u00e9pannages<\/h1>\t\t\t\t<\/div>\n\t\t\t\t<\/div>\n\t\t\t\t\t<\/div>\n\t\t<\/div>\n\t\t\t\t\t<\/div>\n\t\t<\/section>\n\t\t\t\t<section class=\"elementor-section elementor-top-section elementor-element elementor-element-9b849d9 elementor-section-boxed elementor-section-height-default elementor-section-height-default exad-glass-effect-no exad-sticky-section-no\" data-id=\"9b849d9\" data-element_type=\"section\">\n\t\t\t\t\t\t<div class=\"elementor-container elementor-column-gap-default\">\n\t\t\t\t\t<div class=\"elementor-column elementor-col-50 elementor-top-column elementor-element elementor-element-008be0e exad-glass-effect-no exad-sticky-section-no\" data-id=\"008be0e\" data-element_type=\"column\">\n\t\t\t<div class=\"elementor-widget-wrap elementor-element-populated\">\n\t\t\t\t\t\t<div class=\"elementor-element elementor-element-498fd05 exad-sticky-section-no exad-glass-effect-no elementor-widget elementor-widget-heading\" data-id=\"498fd05\" data-element_type=\"widget\" data-widget_type=\"heading.default\">\n\t\t\t\t<div class=\"elementor-widget-container\">\n\t\t\t\t\t<h1 class=\"elementor-heading-title elementor-size-default\">Une urgence appelez moi<\/h1>\t\t\t\t<\/div>\n\t\t\t\t<\/div>\n\t\t\t\t\t<\/div>\n\t\t<\/div>\n\t\t\t\t<div class=\"elementor-column elementor-col-50 elementor-top-column elementor-element elementor-element-80cc89d exad-glass-effect-no exad-sticky-section-no\" data-id=\"80cc89d\" data-element_type=\"column\">\n\t\t\t<div class=\"elementor-widget-wrap elementor-element-populated\">\n\t\t\t\t\t\t<div class=\"elementor-element elementor-element-d4bc1df elementor-align-left exad-sticky-section-no exad-glass-effect-no elementor-widget elementor-widget-button\" data-id=\"d4bc1df\" data-element_type=\"widget\" data-widget_type=\"button.default\">\n\t\t\t\t<div class=\"elementor-widget-container\">\n\t\t\t\t\t\t\t\t\t<div class=\"elementor-button-wrapper\">\n\t\t\t\t\t<a class=\"elementor-button elementor-button-link elementor-size-md\" href=\"tel:0623467622\">\n\t\t\t\t\t\t<span class=\"elementor-button-content-wrapper\">\n\t\t\t\t\t\t<span class=\"elementor-button-icon\">\n\t\t\t\t<i aria-hidden=\"true\" class=\"feather icon-phone-forwarded\"><\/i>\t\t\t<\/span>\n\t\t\t\t\t\t\t\t\t<span class=\"elementor-button-text\">0623467622<\/span>\n\t\t\t\t\t<\/span>\n\t\t\t\t\t<\/a>\n\t\t\t\t<\/div>\n\t\t\t\t\t\t\t\t<\/div>\n\t\t\t\t<\/div>\n\t\t\t\t\t<\/div>\n\t\t<\/div>\n\t\t\t\t\t<\/div>\n\t\t<\/section>\n\t\t\t\t<section class=\"elementor-section elementor-top-section elementor-element elementor-element-fa902aa elementor-section-boxed elementor-section-height-default elementor-section-height-default exad-glass-effect-no exad-sticky-section-no\" data-id=\"fa902aa\" data-element_type=\"section\">\n\t\t\t\t\t\t<div class=\"elementor-container elementor-column-gap-default\">\n\t\t\t\t\t<div class=\"elementor-column elementor-col-50 elementor-top-column elementor-element elementor-element-b54b687 exad-glass-effect-no exad-sticky-section-no\" data-id=\"b54b687\" data-element_type=\"column\">\n\t\t\t<div class=\"elementor-widget-wrap elementor-element-populated\">\n\t\t\t\t\t\t<div class=\"elementor-element elementor-element-d2d2d0b exad-sticky-section-no exad-glass-effect-no elementor-widget elementor-widget-text-editor\" data-id=\"d2d2d0b\" data-element_type=\"widget\" data-widget_type=\"text-editor.default\">\n\t\t\t\t<div class=\"elementor-widget-container\">\n\t\t\t\t\t\t\t\t\t<p><span>En cas d&rsquo;<strong>urgence en plomberie<\/strong>, tels que des tuyaux qui fuient, des canalisations bouch\u00e9es, des robinets cass\u00e9s ou des toilettes bloqu\u00e9es, faites appel \u00e0 moi pour un <strong>d\u00e9pannage plomberie urgent<\/strong>. Je suis l\u00e0 pour intervenir rapidement et r\u00e9soudre efficacement vos probl\u00e8mes. Avec mon expertise de plombier r\u00e9actif et comp\u00e9tent, vous pouvez compter sur des solutions rapides et fiables !<\/span><\/p><p><span>Apr\u00e8s avoir effectu\u00e9 un diagnostic pr\u00e9cis de l&rsquo;\u00e9tat de votre syst\u00e8me de plomberie, je trouverai la solution appropri\u00e9e. Que ce soit pour le d\u00e9gorgement, le d\u00e9bouchage, la r\u00e9paration ou le remplacement, je m&rsquo;engage \u00e0 r\u00e9aliser des interventions efficaces. Contactez-moi en cas d&rsquo;urgence pour une assistance imm\u00e9diate.<\/span><\/p>\t\t\t\t\t\t\t\t<\/div>\n\t\t\t\t<\/div>\n\t\t\t\t<div class=\"elementor-element elementor-element-a918b2c exad-sticky-section-no exad-glass-effect-no elementor-widget elementor-widget-image\" data-id=\"a918b2c\" data-element_type=\"widget\" data-widget_type=\"image.default\">\n\t\t\t\t<div class=\"elementor-widget-container\">\n\t\t\t\t\t\t\t\t\t\t\t\t\t\t\t<img fetchpriority=\"high\" decoding=\"async\" width=\"1023\" height=\"601\" src=\"https:\/\/www.anjou-tfp-plomberie.fr\/wp-content\/uploads\/2023\/05\/fuite-lavabo-evier.jpeg\" class=\"attachment-large size-large wp-image-574\" alt=\"Services d\u00e9pannage plomberie urgent\" srcset=\"https:\/\/www.anjou-tfp-plomberie.fr\/wp-content\/uploads\/2023\/05\/fuite-lavabo-evier.jpeg 1023w, https:\/\/www.anjou-tfp-plomberie.fr\/wp-content\/uploads\/2023\/05\/fuite-lavabo-evier-300x176.jpeg 300w, https:\/\/www.anjou-tfp-plomberie.fr\/wp-content\/uploads\/2023\/05\/fuite-lavabo-evier-768x451.jpeg 768w\" sizes=\"(max-width: 1023px) 100vw, 1023px\" \/>\t\t\t\t\t\t\t\t\t\t\t\t\t\t\t<\/div>\n\t\t\t\t<\/div>\n\t\t\t\t\t<\/div>\n\t\t<\/div>\n\t\t\t\t<div class=\"elementor-column elementor-col-50 elementor-top-column elementor-element elementor-element-a67f14c exad-glass-effect-no exad-sticky-section-no\" data-id=\"a67f14c\" data-element_type=\"column\">\n\t\t\t<div class=\"elementor-widget-wrap elementor-element-populated\">\n\t\t\t\t\t\t<div class=\"elementor-element elementor-element-7527695 exad-sticky-section-no exad-glass-effect-no elementor-widget elementor-widget-formidable\" data-id=\"7527695\" data-element_type=\"widget\" data-widget_type=\"formidable.default\">\n\t\t\t\t<div class=\"elementor-widget-container\">\n\t\t\t\t\t<div class=\"frm_forms  with_frm_style frm_style_style-formidable\" id=\"frm_form_3_container\" data-token=\"b3a603d32016bd0fc6db8a487497369e\">\n<form enctype=\"multipart\/form-data\" method=\"post\" class=\"frm-show-form \" id=\"form_contact\" data-token=\"b3a603d32016bd0fc6db8a487497369e\">\n<div class=\"frm_form_fields \">\n<fieldset>\n<legend class=\"frm_screen_reader\">Contact <\/legend>\r\n\r\n<div class=\"frm_fields_container\">\n<input type=\"hidden\" name=\"frm_action\" value=\"create\" \/>\n<input type=\"hidden\" name=\"form_id\" value=\"3\" \/>\n<input type=\"hidden\" name=\"frm_hide_fields_3\" id=\"frm_hide_fields_3\" value=\"\" \/>\n<input type=\"hidden\" name=\"form_key\" value=\"contact\" \/>\n<input type=\"hidden\" name=\"item_meta[0]\" value=\"\" \/>\n<input type=\"hidden\" id=\"frm_submit_entry_3\" name=\"frm_submit_entry_3\" value=\"86cbef841f\" \/><input type=\"hidden\" name=\"_wp_http_referer\" value=\"\/inlog\/wp-json\/wp\/v2\/pages\/259\" \/><div id=\"frm_field_15_container\" class=\"frm_form_field form-field  frm_required_field frm_top_container frm12  frm6 frm_first\">\r\n    <label for=\"field_5ejtl2\" id=\"field_5ejtl2_label\" class=\"frm_primary_label\">Nom\r\n        <span class=\"frm_required\" aria-hidden=\"true\">*<\/span>\r\n    <\/label>\r\n    <input type=\"text\" id=\"field_5ejtl2\" name=\"item_meta[15]\" value=\"\"  placeholder=\"Nom\" data-reqmsg=\"Ce champ ne peut pas \u00eatre vide\" aria-required=\"true\" data-invmsg=\"texte est non valide\" aria-invalid=\"false\"  \/>\r\n    \r\n    \r\n<\/div>\n<div id=\"frm_field_16_container\" class=\"frm_form_field form-field  frm_top_container frm6\">\r\n    <label for=\"field_cmuym2\" id=\"field_cmuym2_label\" class=\"frm_primary_label\">Pr\u00e9nom\r\n        <span class=\"frm_required\" aria-hidden=\"true\"><\/span>\r\n    <\/label>\r\n    <input type=\"text\" id=\"field_cmuym2\" name=\"item_meta[16]\" value=\"\"  placeholder=\"Pr\u00e9nom\" data-invmsg=\"texte est non valide\" aria-invalid=\"false\"  \/>\r\n    \r\n    \r\n<\/div>\n<div id=\"frm_field_17_container\" class=\"frm_form_field form-field  frm_required_field frm_top_container frm6 frm_first\">\r\n    <label for=\"field_xewa\" id=\"field_xewa_label\" class=\"frm_primary_label\">Email\r\n        <span class=\"frm_required\" aria-hidden=\"true\">*<\/span>\r\n    <\/label>\r\n    <input type=\"email\" id=\"field_xewa\" name=\"item_meta[17]\" value=\"\"  placeholder=\"Email\" data-reqmsg=\"Ce champ ne peut pas \u00eatre vide\" aria-required=\"true\" data-invmsg=\"Email est non valide\" aria-invalid=\"false\"  \/>\r\n    \r\n    \r\n<\/div>\n<div id=\"frm_field_18_container\" class=\"frm_form_field form-field  frm_required_field frm_top_container frm6\">\r\n    <label for=\"field_h5ogr2\" id=\"field_h5ogr2_label\" class=\"frm_primary_label\">T\u00e9l\u00e9phone\r\n        <span class=\"frm_required\" aria-hidden=\"true\">*<\/span>\r\n    <\/label>\r\n    <input type=\"tel\" id=\"field_h5ogr2\" name=\"item_meta[18]\" value=\"\"  placeholder=\"T\u00e9l\u00e9phone\" data-reqmsg=\"T\u00e9l\u00e9phone ne peut pas \u00eatre vide.\" aria-required=\"true\" data-invmsg=\"T\u00e9l\u00e9phone est non valide\" aria-invalid=\"false\" pattern=\"((\\+\\d{1,3}(-|.| )?\\(?\\d\\)?(-| |.)?\\d{1,5})|(\\(?\\d{2,6}\\)?))(-|.| )?(\\d{3,4})(-|.| )?(\\d{4})(( x| ext)\\d{1,5}){0,1}$\"  \/>\r\n    \r\n    \r\n<\/div>\n<div id=\"frm_field_19_container\" class=\"frm_form_field form-field  frm_required_field frm_top_container frm4 frm_first vertical_radio\">\r\n    <div  id=\"field_xxg9s2_label\" class=\"frm_primary_label\">Demande\r\n        <span class=\"frm_required\" aria-hidden=\"true\">*<\/span>\r\n    <\/div>\r\n    <div class=\"frm_opt_container\" aria-labelledby=\"field_xxg9s2_label\" role=\"radiogroup\" aria-required=\"true\">\t\t<div class=\"frm_radio\" id=\"frm_radio_19-0\">\t\t\t<label  for=\"field_xxg9s2-0\">\n\t\t\t\t\t<input type=\"radio\" name=\"item_meta[19]\" id=\"field_xxg9s2-0\" value=\"D\u00e9pannage\"\n\t\t   data-reqmsg=\"Ce champ ne peut pas \u00eatre vide\" data-invmsg=\"Demande est non valide\"  \/> D\u00e9pannage<\/label><\/div>\n<\/div>\r\n    \r\n    \r\n<\/div>\n<div id=\"frm_field_20_container\" class=\"frm_form_field form-field  frm_top_container frm8\">\r\n    <label for=\"field_s1fel2\" id=\"field_s1fel2_label\" class=\"frm_primary_label\">Pr\u00e9cisions\r\n        <span class=\"frm_required\" aria-hidden=\"true\"><\/span>\r\n    <\/label>\r\n    <textarea name=\"item_meta[20]\" id=\"field_s1fel2\" rows=\"5\"  data-invmsg=\"Pr\u00e9cisions est non valide\" aria-invalid=\"false\"  ><\/textarea>\r\n    \r\n    \r\n<\/div>\n\t<input type=\"hidden\" name=\"item_key\" value=\"\" \/>\n\t\t\t<div id=\"frm_field_27_container\">\n\t\t\t<label for=\"field_hbysz\" >\n\t\t\t\tSi vous \u00eates un humain, ne remplissez pas ce champ.\t\t\t<\/label>\n\t\t\t<input  id=\"field_hbysz\" type=\"text\" class=\"frm_form_field form-field frm_verify\" name=\"item_meta[27]\" value=\"\"  \/>\n\t\t<\/div>\n\t\t<input name=\"frm_state\" type=\"hidden\" value=\"9irs58PPluYsjsBJJJfwKI3\/aKQiq8VXRBkTEVsk0rw=\" \/><div class=\"frm_submit\">\r\n\r\n<button class=\"frm_button_submit\" type=\"submit\"  >Envoyer<\/button>\r\n\r\n\r\n<\/div><\/div>\n<\/fieldset>\n<\/div>\n\n<\/form>\n<\/div>\n\t\t\t\t<\/div>\n\t\t\t\t<\/div>\n\t\t\t\t\t<\/div>\n\t\t<\/div>\n\t\t\t\t\t<\/div>\n\t\t<\/section>\n\t\t\t\t<\/div>\n\t\t","protected":false},"excerpt":{"rendered":"<p>Urgences et D\u00e9pannages Une urgence appelez moi 0623467622 En cas d&rsquo;urgence en plomberie, tels que des tuyaux qui fuient, des canalisations bouch\u00e9es, des robinets cass\u00e9s ou des toilettes bloqu\u00e9es, faites appel \u00e0 moi pour un d\u00e9pannage plomberie urgent. Je suis l\u00e0 pour intervenir rapidement et r\u00e9soudre efficacement vos probl\u00e8mes. Avec mon expertise de plombier r\u00e9actif [&hellip;]<\/p>\n","protected":false},"author":1,"featured_media":0,"parent":0,"menu_order":0,"comment_status":"closed","ping_status":"closed","template":"","meta":{"footnotes":""},"class_list":["post-259","page","type-page","status-publish","hentry","entry"],"yoast_head":"<!-- This site is optimized with the Yoast SEO plugin v23.6 - https:\/\/yoast.com\/wordpress\/plugins\/seo\/ -->\n<title>D\u00e9pannage plomberie urgent<\/title>\n<meta name=\"description\" content=\"Besoin d&#039;un d\u00e9pannage plomberie urgent et efficace? J&#039;intervient en urgence pour r\u00e9soudre tous vos probl\u00e8mes de fuites et plus encore.\" \/>\n<meta name=\"robots\" content=\"index, follow, max-snippet:-1, max-image-preview:large, max-video-preview:-1\" \/>\n<link rel=\"canonical\" href=\"https:\/\/www.anjou-tfp-plomberie.fr\/inlog\/depannage-plomberie\/\" \/>\n<meta property=\"og:locale\" content=\"fr_FR\" \/>\n<meta property=\"og:type\" content=\"article\" \/>\n<meta property=\"og:title\" content=\"D\u00e9pannage plomberie urgent\" \/>\n<meta property=\"og:description\" content=\"Besoin d&#039;un d\u00e9pannage plomberie urgent et efficace? J&#039;intervient en urgence pour r\u00e9soudre tous vos probl\u00e8mes de fuites et plus encore.\" \/>\n<meta property=\"og:url\" content=\"https:\/\/www.anjou-tfp-plomberie.fr\/inlog\/depannage-plomberie\/\" \/>\n<meta property=\"og:site_name\" content=\"Anjou TFP Plomberie\" \/>\n<meta property=\"article:publisher\" content=\"https:\/\/www.facebook.com\/AnjouTfpPlomberieToubin\/?locale=fr_FR\" \/>\n<meta property=\"article:modified_time\" content=\"2024-03-15T14:49:20+00:00\" \/>\n<meta property=\"og:image\" content=\"https:\/\/www.anjou-tfp-plomberie.fr\/wp-content\/uploads\/2023\/05\/fuite-lavabo-evier.jpeg\" \/>\n<meta name=\"twitter:card\" content=\"summary_large_image\" \/>\n<meta name=\"twitter:label1\" content=\"Dur\u00e9e de lecture estim\u00e9e\" \/>\n\t<meta name=\"twitter:data1\" content=\"1 minute\" \/>\n<script type=\"application\/ld+json\" class=\"yoast-schema-graph\">{\"@context\":\"https:\/\/schema.org\",\"@graph\":[{\"@type\":\"WebPage\",\"@id\":\"https:\/\/www.anjou-tfp-plomberie.fr\/inlog\/depannage-plomberie\/\",\"url\":\"https:\/\/www.anjou-tfp-plomberie.fr\/inlog\/depannage-plomberie\/\",\"name\":\"D\u00e9pannage plomberie urgent\",\"isPartOf\":{\"@id\":\"https:\/\/www.anjou-tfp-plomberie.fr\/inlog\/#website\"},\"primaryImageOfPage\":{\"@id\":\"https:\/\/www.anjou-tfp-plomberie.fr\/inlog\/depannage-plomberie\/#primaryimage\"},\"image\":{\"@id\":\"https:\/\/www.anjou-tfp-plomberie.fr\/inlog\/depannage-plomberie\/#primaryimage\"},\"thumbnailUrl\":\"https:\/\/www.anjou-tfp-plomberie.fr\/wp-content\/uploads\/2023\/05\/fuite-lavabo-evier.jpeg\",\"datePublished\":\"2023-04-29T14:40:21+00:00\",\"dateModified\":\"2024-03-15T14:49:20+00:00\",\"description\":\"Besoin d'un d\u00e9pannage plomberie urgent et efficace? J'intervient en urgence pour r\u00e9soudre tous vos probl\u00e8mes de fuites et plus encore.\",\"breadcrumb\":{\"@id\":\"https:\/\/www.anjou-tfp-plomberie.fr\/inlog\/depannage-plomberie\/#breadcrumb\"},\"inLanguage\":\"fr-FR\",\"potentialAction\":[{\"@type\":\"ReadAction\",\"target\":[\"https:\/\/www.anjou-tfp-plomberie.fr\/inlog\/depannage-plomberie\/\"]}]},{\"@type\":\"ImageObject\",\"inLanguage\":\"fr-FR\",\"@id\":\"https:\/\/www.anjou-tfp-plomberie.fr\/inlog\/depannage-plomberie\/#primaryimage\",\"url\":\"https:\/\/www.anjou-tfp-plomberie.fr\/wp-content\/uploads\/2023\/05\/fuite-lavabo-evier.jpeg\",\"contentUrl\":\"https:\/\/www.anjou-tfp-plomberie.fr\/wp-content\/uploads\/2023\/05\/fuite-lavabo-evier.jpeg\"},{\"@type\":\"BreadcrumbList\",\"@id\":\"https:\/\/www.anjou-tfp-plomberie.fr\/inlog\/depannage-plomberie\/#breadcrumb\",\"itemListElement\":[{\"@type\":\"ListItem\",\"position\":1,\"name\":\"Accueil\",\"item\":\"https:\/\/www.anjou-tfp-plomberie.fr\/inlog\/\"},{\"@type\":\"ListItem\",\"position\":2,\"name\":\"D\u00e9pannage plomberie\"}]},{\"@type\":\"WebSite\",\"@id\":\"https:\/\/www.anjou-tfp-plomberie.fr\/inlog\/#website\",\"url\":\"https:\/\/www.anjou-tfp-plomberie.fr\/inlog\/\",\"name\":\"Anjou TFP Plomberie\",\"description\":\"\",\"publisher\":{\"@id\":\"https:\/\/www.anjou-tfp-plomberie.fr\/inlog\/#organization\"},\"potentialAction\":[{\"@type\":\"SearchAction\",\"target\":{\"@type\":\"EntryPoint\",\"urlTemplate\":\"https:\/\/www.anjou-tfp-plomberie.fr\/inlog\/?s={search_term_string}\"},\"query-input\":{\"@type\":\"PropertyValueSpecification\",\"valueRequired\":true,\"valueName\":\"search_term_string\"}}],\"inLanguage\":\"fr-FR\"},{\"@type\":\"Organization\",\"@id\":\"https:\/\/www.anjou-tfp-plomberie.fr\/inlog\/#organization\",\"name\":\"Anjou TFP Plomberie\",\"url\":\"https:\/\/www.anjou-tfp-plomberie.fr\/inlog\/\",\"logo\":{\"@type\":\"ImageObject\",\"inLanguage\":\"fr-FR\",\"@id\":\"https:\/\/www.anjou-tfp-plomberie.fr\/inlog\/#\/schema\/logo\/image\/\",\"url\":\"https:\/\/www.anjou-tfp-plomberie.fr\/wp-content\/uploads\/2023\/04\/cropped-logotfp-entete-1.jpg\",\"contentUrl\":\"https:\/\/www.anjou-tfp-plomberie.fr\/wp-content\/uploads\/2023\/04\/cropped-logotfp-entete-1.jpg\",\"width\":171,\"height\":70,\"caption\":\"Anjou TFP Plomberie\"},\"image\":{\"@id\":\"https:\/\/www.anjou-tfp-plomberie.fr\/inlog\/#\/schema\/logo\/image\/\"},\"sameAs\":[\"https:\/\/www.facebook.com\/AnjouTfpPlomberieToubin\/?locale=fr_FR\",\"https:\/\/www.pagesjaunes.fr\/pros\/54400017\"]}]}<\/script>\n<!-- \/ Yoast SEO plugin. -->","yoast_head_json":{"title":"D\u00e9pannage plomberie urgent","description":"Besoin d'un d\u00e9pannage plomberie urgent et efficace? J'intervient en urgence pour r\u00e9soudre tous vos probl\u00e8mes de fuites et plus encore.","robots":{"index":"index","follow":"follow","max-snippet":"max-snippet:-1","max-image-preview":"max-image-preview:large","max-video-preview":"max-video-preview:-1"},"canonical":"https:\/\/www.anjou-tfp-plomberie.fr\/inlog\/depannage-plomberie\/","og_locale":"fr_FR","og_type":"article","og_title":"D\u00e9pannage plomberie urgent","og_description":"Besoin d'un d\u00e9pannage plomberie urgent et efficace? J'intervient en urgence pour r\u00e9soudre tous vos probl\u00e8mes de fuites et plus encore.","og_url":"https:\/\/www.anjou-tfp-plomberie.fr\/inlog\/depannage-plomberie\/","og_site_name":"Anjou TFP Plomberie","article_publisher":"https:\/\/www.facebook.com\/AnjouTfpPlomberieToubin\/?locale=fr_FR","article_modified_time":"2024-03-15T14:49:20+00:00","og_image":[{"url":"https:\/\/www.anjou-tfp-plomberie.fr\/wp-content\/uploads\/2023\/05\/fuite-lavabo-evier.jpeg"}],"twitter_card":"summary_large_image","twitter_misc":{"Dur\u00e9e de lecture estim\u00e9e":"1 minute"},"schema":{"@context":"https:\/\/schema.org","@graph":[{"@type":"WebPage","@id":"https:\/\/www.anjou-tfp-plomberie.fr\/inlog\/depannage-plomberie\/","url":"https:\/\/www.anjou-tfp-plomberie.fr\/inlog\/depannage-plomberie\/","name":"D\u00e9pannage plomberie urgent","isPartOf":{"@id":"https:\/\/www.anjou-tfp-plomberie.fr\/inlog\/#website"},"primaryImageOfPage":{"@id":"https:\/\/www.anjou-tfp-plomberie.fr\/inlog\/depannage-plomberie\/#primaryimage"},"image":{"@id":"https:\/\/www.anjou-tfp-plomberie.fr\/inlog\/depannage-plomberie\/#primaryimage"},"thumbnailUrl":"https:\/\/www.anjou-tfp-plomberie.fr\/wp-content\/uploads\/2023\/05\/fuite-lavabo-evier.jpeg","datePublished":"2023-04-29T14:40:21+00:00","dateModified":"2024-03-15T14:49:20+00:00","description":"Besoin d'un d\u00e9pannage plomberie urgent et efficace? J'intervient en urgence pour r\u00e9soudre tous vos probl\u00e8mes de fuites et plus encore.","breadcrumb":{"@id":"https:\/\/www.anjou-tfp-plomberie.fr\/inlog\/depannage-plomberie\/#breadcrumb"},"inLanguage":"fr-FR","potentialAction":[{"@type":"ReadAction","target":["https:\/\/www.anjou-tfp-plomberie.fr\/inlog\/depannage-plomberie\/"]}]},{"@type":"ImageObject","inLanguage":"fr-FR","@id":"https:\/\/www.anjou-tfp-plomberie.fr\/inlog\/depannage-plomberie\/#primaryimage","url":"https:\/\/www.anjou-tfp-plomberie.fr\/wp-content\/uploads\/2023\/05\/fuite-lavabo-evier.jpeg","contentUrl":"https:\/\/www.anjou-tfp-plomberie.fr\/wp-content\/uploads\/2023\/05\/fuite-lavabo-evier.jpeg"},{"@type":"BreadcrumbList","@id":"https:\/\/www.anjou-tfp-plomberie.fr\/inlog\/depannage-plomberie\/#breadcrumb","itemListElement":[{"@type":"ListItem","position":1,"name":"Accueil","item":"https:\/\/www.anjou-tfp-plomberie.fr\/inlog\/"},{"@type":"ListItem","position":2,"name":"D\u00e9pannage plomberie"}]},{"@type":"WebSite","@id":"https:\/\/www.anjou-tfp-plomberie.fr\/inlog\/#website","url":"https:\/\/www.anjou-tfp-plomberie.fr\/inlog\/","name":"Anjou TFP Plomberie","description":"","publisher":{"@id":"https:\/\/www.anjou-tfp-plomberie.fr\/inlog\/#organization"},"potentialAction":[{"@type":"SearchAction","target":{"@type":"EntryPoint","urlTemplate":"https:\/\/www.anjou-tfp-plomberie.fr\/inlog\/?s={search_term_string}"},"query-input":{"@type":"PropertyValueSpecification","valueRequired":true,"valueName":"search_term_string"}}],"inLanguage":"fr-FR"},{"@type":"Organization","@id":"https:\/\/www.anjou-tfp-plomberie.fr\/inlog\/#organization","name":"Anjou TFP Plomberie","url":"https:\/\/www.anjou-tfp-plomberie.fr\/inlog\/","logo":{"@type":"ImageObject","inLanguage":"fr-FR","@id":"https:\/\/www.anjou-tfp-plomberie.fr\/inlog\/#\/schema\/logo\/image\/","url":"https:\/\/www.anjou-tfp-plomberie.fr\/wp-content\/uploads\/2023\/04\/cropped-logotfp-entete-1.jpg","contentUrl":"https:\/\/www.anjou-tfp-plomberie.fr\/wp-content\/uploads\/2023\/04\/cropped-logotfp-entete-1.jpg","width":171,"height":70,"caption":"Anjou TFP Plomberie"},"image":{"@id":"https:\/\/www.anjou-tfp-plomberie.fr\/inlog\/#\/schema\/logo\/image\/"},"sameAs":["https:\/\/www.facebook.com\/AnjouTfpPlomberieToubin\/?locale=fr_FR","https:\/\/www.pagesjaunes.fr\/pros\/54400017"]}]}},"_links":{"self":[{"href":"https:\/\/www.anjou-tfp-plomberie.fr\/inlog\/wp-json\/wp\/v2\/pages\/259","targetHints":{"allow":["GET"]}}],"collection":[{"href":"https:\/\/www.anjou-tfp-plomberie.fr\/inlog\/wp-json\/wp\/v2\/pages"}],"about":[{"href":"https:\/\/www.anjou-tfp-plomberie.fr\/inlog\/wp-json\/wp\/v2\/types\/page"}],"author":[{"embeddable":true,"href":"https:\/\/www.anjou-tfp-plomberie.fr\/inlog\/wp-json\/wp\/v2\/users\/1"}],"replies":[{"embeddable":true,"href":"https:\/\/www.anjou-tfp-plomberie.fr\/inlog\/wp-json\/wp\/v2\/comments?post=259"}],"version-history":[{"count":33,"href":"https:\/\/www.anjou-tfp-plomberie.fr\/inlog\/wp-json\/wp\/v2\/pages\/259\/revisions"}],"predecessor-version":[{"id":731,"href":"https:\/\/www.anjou-tfp-plomberie.fr\/inlog\/wp-json\/wp\/v2\/pages\/259\/revisions\/731"}],"wp:attachment":[{"href":"https:\/\/www.anjou-tfp-plomberie.fr\/inlog\/wp-json\/wp\/v2\/media?parent=259"}],"curies":[{"name":"wp","href":"https:\/\/api.w.org\/{rel}","templated":true}]}}