{"id":270,"date":"2023-04-29T16:50:47","date_gmt":"2023-04-29T14:50:47","guid":{"rendered":"https:\/\/www.anjou-tfp-plomberie.fr\/?page_id=270"},"modified":"2023-04-29T21:21:50","modified_gmt":"2023-04-29T19:21:50","slug":"contactez-moi","status":"publish","type":"page","link":"https:\/\/www.anjou-tfp-plomberie.fr\/inlog\/contactez-moi\/","title":{"rendered":"CONTACTEZ MOI"},"content":{"rendered":"\t\t<div data-elementor-type=\"wp-page\" data-elementor-id=\"270\" class=\"elementor elementor-270\">\n\t\t\t\t\t\t<section class=\"elementor-section elementor-top-section elementor-element elementor-element-d8ebb0b elementor-section-boxed elementor-section-height-default elementor-section-height-default exad-glass-effect-no exad-sticky-section-no\" data-id=\"d8ebb0b\" data-element_type=\"section\">\n\t\t\t\t\t\t<div class=\"elementor-container elementor-column-gap-default\">\n\t\t\t\t\t<div class=\"elementor-column elementor-col-100 elementor-top-column elementor-element elementor-element-8f91226 exad-glass-effect-no exad-sticky-section-no\" data-id=\"8f91226\" data-element_type=\"column\">\n\t\t\t<div class=\"elementor-widget-wrap elementor-element-populated\">\n\t\t\t\t\t\t<div class=\"elementor-element elementor-element-0bff6c9 exad-sticky-section-no exad-glass-effect-no elementor-widget elementor-widget-formidable\" data-id=\"0bff6c9\" data-element_type=\"widget\" data-widget_type=\"formidable.default\">\n\t\t\t\t<div class=\"elementor-widget-container\">\n\t\t\t\t\t<div class=\"frm_forms  with_frm_style frm_style_style-formidable\" id=\"frm_form_2_container\" data-token=\"b3a603d32016bd0fc6db8a487497369e\">\n<form enctype=\"multipart\/form-data\" method=\"post\" class=\"frm-show-form \" id=\"form_contactdevis\" data-token=\"b3a603d32016bd0fc6db8a487497369e\">\n<div class=\"frm_form_fields \">\n<fieldset>\n<legend class=\"frm_screen_reader\">Contact \/ Devis<\/legend>\r\n<h3 class=\"frm_form_title\">Contact \/ Devis<\/h3>\r\n<div class=\"frm_fields_container\">\n<input type=\"hidden\" name=\"frm_action\" value=\"create\" \/>\n<input type=\"hidden\" name=\"form_id\" value=\"2\" \/>\n<input type=\"hidden\" name=\"frm_hide_fields_2\" id=\"frm_hide_fields_2\" value=\"\" \/>\n<input type=\"hidden\" name=\"form_key\" value=\"contactdevis\" \/>\n<input type=\"hidden\" name=\"item_meta[0]\" value=\"\" \/>\n<input type=\"hidden\" id=\"frm_submit_entry_2\" name=\"frm_submit_entry_2\" value=\"86cbef841f\" \/><input type=\"hidden\" name=\"_wp_http_referer\" value=\"\/inlog\/wp-json\/wp\/v2\/pages\/270\" \/><div id=\"frm_field_6_container\" class=\"frm_form_field form-field  frm_required_field frm_top_container frm12  frm6 frm_first\">\r\n    <label for=\"field_5ejtl\" id=\"field_5ejtl_label\" class=\"frm_primary_label\">Nom\r\n        <span class=\"frm_required\" aria-hidden=\"true\">*<\/span>\r\n    <\/label>\r\n    <input type=\"text\" id=\"field_5ejtl\" name=\"item_meta[6]\" value=\"\"  placeholder=\"Nom\" data-reqmsg=\"Ce champ ne peut pas \u00eatre vide\" aria-required=\"true\" data-invmsg=\"texte est non valide\" aria-invalid=\"false\"  \/>\r\n    \r\n    \r\n<\/div>\n<div id=\"frm_field_8_container\" class=\"frm_form_field form-field  frm_top_container frm6\">\r\n    <label for=\"field_cmuym\" id=\"field_cmuym_label\" class=\"frm_primary_label\">Pr\u00e9nom\r\n        <span class=\"frm_required\" aria-hidden=\"true\"><\/span>\r\n    <\/label>\r\n    <input type=\"text\" id=\"field_cmuym\" name=\"item_meta[8]\" value=\"\"  placeholder=\"Pr\u00e9nom\" data-invmsg=\"texte est non valide\" aria-invalid=\"false\"  \/>\r\n    \r\n    \r\n<\/div>\n<div id=\"frm_field_9_container\" class=\"frm_form_field form-field  frm_required_field frm_top_container frm6 frm_first\">\r\n    <label for=\"field_xewa2\" id=\"field_xewa2_label\" class=\"frm_primary_label\">Email\r\n        <span class=\"frm_required\" aria-hidden=\"true\">*<\/span>\r\n    <\/label>\r\n    <input type=\"email\" id=\"field_xewa2\" name=\"item_meta[9]\" value=\"\"  placeholder=\"Email\" data-reqmsg=\"Ce champ ne peut pas \u00eatre vide\" aria-required=\"true\" data-invmsg=\"Email est non valide\" aria-invalid=\"false\"  \/>\r\n    \r\n    \r\n<\/div>\n<div id=\"frm_field_13_container\" class=\"frm_form_field form-field  frm_required_field frm_top_container frm6\">\r\n    <label for=\"field_h5ogr\" id=\"field_h5ogr_label\" class=\"frm_primary_label\">T\u00e9l\u00e9phone\r\n        <span class=\"frm_required\" aria-hidden=\"true\">*<\/span>\r\n    <\/label>\r\n    <input type=\"tel\" id=\"field_h5ogr\" name=\"item_meta[13]\" value=\"\"  placeholder=\"T\u00e9l\u00e9phone\" data-reqmsg=\"T\u00e9l\u00e9phone ne peut pas \u00eatre vide.\" aria-required=\"true\" data-invmsg=\"T\u00e9l\u00e9phone est non valide\" aria-invalid=\"false\" pattern=\"((\\+\\d{1,3}(-|.| )?\\(?\\d\\)?(-| |.)?\\d{1,5})|(\\(?\\d{2,6}\\)?))(-|.| )?(\\d{3,4})(-|.| )?(\\d{4})(( x| ext)\\d{1,5}){0,1}$\"  \/>\r\n    \r\n    \r\n<\/div>\n<div id=\"frm_field_10_container\" class=\"frm_form_field form-field  frm_required_field frm_top_container frm4 frm_first vertical_radio\">\r\n    <div  id=\"field_xxg9s_label\" class=\"frm_primary_label\">Demande\r\n        <span class=\"frm_required\" aria-hidden=\"true\">*<\/span>\r\n    <\/div>\r\n    <div class=\"frm_opt_container\" aria-labelledby=\"field_xxg9s_label\" role=\"radiogroup\" aria-required=\"true\">\t\t<div class=\"frm_radio\" id=\"frm_radio_10-0\">\t\t\t<label  for=\"field_xxg9s-0\">\n\t\t\t\t\t<input type=\"radio\" name=\"item_meta[10]\" id=\"field_xxg9s-0\" value=\"D\u00e9pannage\"\n\t\t   data-reqmsg=\"Ce champ ne peut pas \u00eatre vide\" data-invmsg=\"Demande est non valide\"  \/> D\u00e9pannage<\/label><\/div>\n\t\t<div class=\"frm_radio\" id=\"frm_radio_10-1\">\t\t\t<label  for=\"field_xxg9s-1\">\n\t\t\t\t\t<input type=\"radio\" name=\"item_meta[10]\" id=\"field_xxg9s-1\" value=\"Installation salle de bain\"\n\t\t   data-reqmsg=\"Ce champ ne peut pas \u00eatre vide\" data-invmsg=\"Demande est non valide\"  \/> Installation salle de bain<\/label><\/div>\n\t\t<div class=\"frm_radio\" id=\"frm_radio_10-2\">\t\t\t<label  for=\"field_xxg9s-2\">\n\t\t\t\t\t<input type=\"radio\" name=\"item_meta[10]\" id=\"field_xxg9s-2\" value=\"Installation chauffe eau\"\n\t\t   data-reqmsg=\"Ce champ ne peut pas \u00eatre vide\" data-invmsg=\"Demande est non valide\"  \/> Installation chauffe eau<\/label><\/div>\n\t\t<div class=\"frm_radio\" id=\"frm_radio_10-3\">\t\t\t<label  for=\"field_xxg9s-3\">\n\t\t\t\t\t<input type=\"radio\" name=\"item_meta[10]\" id=\"field_xxg9s-3\" value=\"Installation pompe \u00e0 chaleur\"\n\t\t   data-reqmsg=\"Ce champ ne peut pas \u00eatre vide\" data-invmsg=\"Demande est non valide\"  \/> Installation pompe \u00e0 chaleur<\/label><\/div>\n<\/div>\r\n    \r\n    \r\n<\/div>\n<div id=\"frm_field_14_container\" class=\"frm_form_field form-field  frm_top_container frm8\">\r\n    <label for=\"field_s1fel\" id=\"field_s1fel_label\" class=\"frm_primary_label\">Pr\u00e9cisions\r\n        <span class=\"frm_required\" aria-hidden=\"true\"><\/span>\r\n    <\/label>\r\n    <textarea name=\"item_meta[14]\" id=\"field_s1fel\" rows=\"5\"  data-invmsg=\"Pr\u00e9cisions est non valide\" aria-invalid=\"false\"  ><\/textarea>\r\n    \r\n    \r\n<\/div>\n\t<input type=\"hidden\" name=\"item_key\" value=\"\" \/>\n\t\t\t<div id=\"frm_field_27_container\">\n\t\t\t<label for=\"field_bqozq\" >\n\t\t\t\tSi vous \u00eates un humain, ne remplissez pas ce champ.\t\t\t<\/label>\n\t\t\t<input  id=\"field_bqozq\" type=\"text\" class=\"frm_form_field form-field frm_verify\" name=\"item_meta[27]\" value=\"\"  \/>\n\t\t<\/div>\n\t\t<input name=\"frm_state\" type=\"hidden\" value=\"5oTavz1SD1NCdVLYLRU3WA\/Ys5twHBHq15em2WToGHs=\" \/><div class=\"frm_submit\">\r\n\r\n<button class=\"frm_button_submit\" type=\"submit\"  >Envoyer<\/button>\r\n\r\n\r\n<\/div><\/div>\n<\/fieldset>\n<\/div>\n\n<\/form>\n<\/div>\n\t\t\t\t<\/div>\n\t\t\t\t<\/div>\n\t\t\t\t\t<\/div>\n\t\t<\/div>\n\t\t\t\t\t<\/div>\n\t\t<\/section>\n\t\t\t\t<section class=\"elementor-section elementor-top-section elementor-element elementor-element-6d932dd elementor-section-boxed elementor-section-height-default elementor-section-height-default exad-glass-effect-no exad-sticky-section-no\" data-id=\"6d932dd\" data-element_type=\"section\">\n\t\t\t\t\t\t<div class=\"elementor-container elementor-column-gap-default\">\n\t\t\t\t\t<div class=\"elementor-column elementor-col-100 elementor-top-column elementor-element elementor-element-8b83cbe exad-glass-effect-no exad-sticky-section-no\" data-id=\"8b83cbe\" data-element_type=\"column\">\n\t\t\t<div class=\"elementor-widget-wrap elementor-element-populated\">\n\t\t\t\t\t\t<div class=\"elementor-element elementor-element-5aff0f9 exad-sticky-section-no exad-glass-effect-no elementor-widget elementor-widget-text-editor\" data-id=\"5aff0f9\" data-element_type=\"widget\" data-widget_type=\"text-editor.default\">\n\t\t\t\t<div class=\"elementor-widget-container\">\n\t\t\t\t\t\t\t\t\t<p>*Ces champs sont obligatoires<\/p><p>\u00a0<\/p><p>Anjou-tfp-plomberie s&rsquo;engage \u00e0 ce que la collecte et le traitement de vos donn\u00e9es, effectu\u00e9s \u00e0 partir de notre site, \u00a0soient conformes au r\u00e8glement g\u00e9n\u00e9ral sur la protection des donn\u00e9es (RGPD) et \u00e0 la loi Informatique et Libert\u00e9s. Pour conna\u00eetre et exercer vos droits, notamment de retrait de votre consentement \u00e0 l&rsquo;utilisation des donn\u00e9es collect\u00e9es par ce formulaire, veuillez consulter nos <a class=\"rgpdLink\" href=\"https:\/\/www.anjou-tfp-plomberie.fr\/mentions-legales\/\" target=\"_blank\" rel=\"noopener\">Mentions l\u00e9gales.<\/a><\/p>\t\t\t\t\t\t\t\t<\/div>\n\t\t\t\t<\/div>\n\t\t\t\t\t<\/div>\n\t\t<\/div>\n\t\t\t\t\t<\/div>\n\t\t<\/section>\n\t\t\t\t<\/div>\n\t\t","protected":false},"excerpt":{"rendered":"<p>Contact \/ Devis Contact \/ Devis Nom * Pr\u00e9nom Email * T\u00e9l\u00e9phone * Demande * D\u00e9pannage Installation salle de bain Installation chauffe eau Installation pompe \u00e0 chaleur Pr\u00e9cisions Si vous \u00eates un humain, ne remplissez pas ce champ. Envoyer *Ces champs sont obligatoires \u00a0 Anjou-tfp-plomberie s&rsquo;engage \u00e0 ce que la collecte et le traitement de [&hellip;]<\/p>\n","protected":false},"author":1,"featured_media":0,"parent":0,"menu_order":0,"comment_status":"closed","ping_status":"closed","template":"","meta":{"footnotes":""},"class_list":["post-270","page","type-page","status-publish","hentry","entry"],"yoast_head":"<!-- This site is optimized with the Yoast SEO plugin v23.6 - https:\/\/yoast.com\/wordpress\/plugins\/seo\/ -->\n<title>CONTACTEZ MOI - Anjou TFP Plomberie<\/title>\n<meta name=\"robots\" content=\"index, follow, max-snippet:-1, max-image-preview:large, max-video-preview:-1\" \/>\n<link rel=\"canonical\" href=\"https:\/\/www.anjou-tfp-plomberie.fr\/inlog\/contactez-moi\/\" \/>\n<meta property=\"og:locale\" content=\"fr_FR\" \/>\n<meta property=\"og:type\" content=\"article\" \/>\n<meta property=\"og:title\" content=\"CONTACTEZ MOI - Anjou TFP Plomberie\" \/>\n<meta property=\"og:description\" content=\"Contact \/ Devis Contact \/ Devis Nom * Pr\u00e9nom Email * T\u00e9l\u00e9phone * Demande * D\u00e9pannage Installation salle de bain Installation chauffe eau Installation pompe \u00e0 chaleur Pr\u00e9cisions Si vous \u00eates un humain, ne remplissez pas ce champ. Envoyer *Ces champs sont obligatoires \u00a0 Anjou-tfp-plomberie s&rsquo;engage \u00e0 ce que la collecte et le traitement de [&hellip;]\" \/>\n<meta property=\"og:url\" content=\"https:\/\/www.anjou-tfp-plomberie.fr\/inlog\/contactez-moi\/\" \/>\n<meta property=\"og:site_name\" content=\"Anjou TFP Plomberie\" \/>\n<meta property=\"article:publisher\" content=\"https:\/\/www.facebook.com\/AnjouTfpPlomberieToubin\/?locale=fr_FR\" \/>\n<meta property=\"article:modified_time\" content=\"2023-04-29T19:21:50+00:00\" \/>\n<meta name=\"twitter:card\" content=\"summary_large_image\" \/>\n<meta name=\"twitter:label1\" content=\"Dur\u00e9e de lecture estim\u00e9e\" \/>\n\t<meta name=\"twitter:data1\" content=\"1 minute\" \/>\n<script type=\"application\/ld+json\" class=\"yoast-schema-graph\">{\"@context\":\"https:\/\/schema.org\",\"@graph\":[{\"@type\":\"WebPage\",\"@id\":\"https:\/\/www.anjou-tfp-plomberie.fr\/inlog\/contactez-moi\/\",\"url\":\"https:\/\/www.anjou-tfp-plomberie.fr\/inlog\/contactez-moi\/\",\"name\":\"CONTACTEZ MOI - Anjou TFP Plomberie\",\"isPartOf\":{\"@id\":\"https:\/\/www.anjou-tfp-plomberie.fr\/inlog\/#website\"},\"datePublished\":\"2023-04-29T14:50:47+00:00\",\"dateModified\":\"2023-04-29T19:21:50+00:00\",\"breadcrumb\":{\"@id\":\"https:\/\/www.anjou-tfp-plomberie.fr\/inlog\/contactez-moi\/#breadcrumb\"},\"inLanguage\":\"fr-FR\",\"potentialAction\":[{\"@type\":\"ReadAction\",\"target\":[\"https:\/\/www.anjou-tfp-plomberie.fr\/inlog\/contactez-moi\/\"]}]},{\"@type\":\"BreadcrumbList\",\"@id\":\"https:\/\/www.anjou-tfp-plomberie.fr\/inlog\/contactez-moi\/#breadcrumb\",\"itemListElement\":[{\"@type\":\"ListItem\",\"position\":1,\"name\":\"Accueil\",\"item\":\"https:\/\/www.anjou-tfp-plomberie.fr\/inlog\/\"},{\"@type\":\"ListItem\",\"position\":2,\"name\":\"CONTACTEZ MOI\"}]},{\"@type\":\"WebSite\",\"@id\":\"https:\/\/www.anjou-tfp-plomberie.fr\/inlog\/#website\",\"url\":\"https:\/\/www.anjou-tfp-plomberie.fr\/inlog\/\",\"name\":\"Anjou TFP Plomberie\",\"description\":\"\",\"publisher\":{\"@id\":\"https:\/\/www.anjou-tfp-plomberie.fr\/inlog\/#organization\"},\"potentialAction\":[{\"@type\":\"SearchAction\",\"target\":{\"@type\":\"EntryPoint\",\"urlTemplate\":\"https:\/\/www.anjou-tfp-plomberie.fr\/inlog\/?s={search_term_string}\"},\"query-input\":{\"@type\":\"PropertyValueSpecification\",\"valueRequired\":true,\"valueName\":\"search_term_string\"}}],\"inLanguage\":\"fr-FR\"},{\"@type\":\"Organization\",\"@id\":\"https:\/\/www.anjou-tfp-plomberie.fr\/inlog\/#organization\",\"name\":\"Anjou TFP Plomberie\",\"url\":\"https:\/\/www.anjou-tfp-plomberie.fr\/inlog\/\",\"logo\":{\"@type\":\"ImageObject\",\"inLanguage\":\"fr-FR\",\"@id\":\"https:\/\/www.anjou-tfp-plomberie.fr\/inlog\/#\/schema\/logo\/image\/\",\"url\":\"https:\/\/www.anjou-tfp-plomberie.fr\/wp-content\/uploads\/2023\/04\/cropped-logotfp-entete-1.jpg\",\"contentUrl\":\"https:\/\/www.anjou-tfp-plomberie.fr\/wp-content\/uploads\/2023\/04\/cropped-logotfp-entete-1.jpg\",\"width\":171,\"height\":70,\"caption\":\"Anjou TFP Plomberie\"},\"image\":{\"@id\":\"https:\/\/www.anjou-tfp-plomberie.fr\/inlog\/#\/schema\/logo\/image\/\"},\"sameAs\":[\"https:\/\/www.facebook.com\/AnjouTfpPlomberieToubin\/?locale=fr_FR\",\"https:\/\/www.pagesjaunes.fr\/pros\/54400017\"]}]}<\/script>\n<!-- \/ Yoast SEO plugin. -->","yoast_head_json":{"title":"CONTACTEZ MOI - Anjou TFP Plomberie","robots":{"index":"index","follow":"follow","max-snippet":"max-snippet:-1","max-image-preview":"max-image-preview:large","max-video-preview":"max-video-preview:-1"},"canonical":"https:\/\/www.anjou-tfp-plomberie.fr\/inlog\/contactez-moi\/","og_locale":"fr_FR","og_type":"article","og_title":"CONTACTEZ MOI - Anjou TFP Plomberie","og_description":"Contact \/ Devis Contact \/ Devis Nom * Pr\u00e9nom Email * T\u00e9l\u00e9phone * Demande * D\u00e9pannage Installation salle de bain Installation chauffe eau Installation pompe \u00e0 chaleur Pr\u00e9cisions Si vous \u00eates un humain, ne remplissez pas ce champ. Envoyer *Ces champs sont obligatoires \u00a0 Anjou-tfp-plomberie s&rsquo;engage \u00e0 ce que la collecte et le traitement de [&hellip;]","og_url":"https:\/\/www.anjou-tfp-plomberie.fr\/inlog\/contactez-moi\/","og_site_name":"Anjou TFP Plomberie","article_publisher":"https:\/\/www.facebook.com\/AnjouTfpPlomberieToubin\/?locale=fr_FR","article_modified_time":"2023-04-29T19:21:50+00:00","twitter_card":"summary_large_image","twitter_misc":{"Dur\u00e9e de lecture estim\u00e9e":"1 minute"},"schema":{"@context":"https:\/\/schema.org","@graph":[{"@type":"WebPage","@id":"https:\/\/www.anjou-tfp-plomberie.fr\/inlog\/contactez-moi\/","url":"https:\/\/www.anjou-tfp-plomberie.fr\/inlog\/contactez-moi\/","name":"CONTACTEZ MOI - Anjou TFP Plomberie","isPartOf":{"@id":"https:\/\/www.anjou-tfp-plomberie.fr\/inlog\/#website"},"datePublished":"2023-04-29T14:50:47+00:00","dateModified":"2023-04-29T19:21:50+00:00","breadcrumb":{"@id":"https:\/\/www.anjou-tfp-plomberie.fr\/inlog\/contactez-moi\/#breadcrumb"},"inLanguage":"fr-FR","potentialAction":[{"@type":"ReadAction","target":["https:\/\/www.anjou-tfp-plomberie.fr\/inlog\/contactez-moi\/"]}]},{"@type":"BreadcrumbList","@id":"https:\/\/www.anjou-tfp-plomberie.fr\/inlog\/contactez-moi\/#breadcrumb","itemListElement":[{"@type":"ListItem","position":1,"name":"Accueil","item":"https:\/\/www.anjou-tfp-plomberie.fr\/inlog\/"},{"@type":"ListItem","position":2,"name":"CONTACTEZ MOI"}]},{"@type":"WebSite","@id":"https:\/\/www.anjou-tfp-plomberie.fr\/inlog\/#website","url":"https:\/\/www.anjou-tfp-plomberie.fr\/inlog\/","name":"Anjou TFP Plomberie","description":"","publisher":{"@id":"https:\/\/www.anjou-tfp-plomberie.fr\/inlog\/#organization"},"potentialAction":[{"@type":"SearchAction","target":{"@type":"EntryPoint","urlTemplate":"https:\/\/www.anjou-tfp-plomberie.fr\/inlog\/?s={search_term_string}"},"query-input":{"@type":"PropertyValueSpecification","valueRequired":true,"valueName":"search_term_string"}}],"inLanguage":"fr-FR"},{"@type":"Organization","@id":"https:\/\/www.anjou-tfp-plomberie.fr\/inlog\/#organization","name":"Anjou TFP Plomberie","url":"https:\/\/www.anjou-tfp-plomberie.fr\/inlog\/","logo":{"@type":"ImageObject","inLanguage":"fr-FR","@id":"https:\/\/www.anjou-tfp-plomberie.fr\/inlog\/#\/schema\/logo\/image\/","url":"https:\/\/www.anjou-tfp-plomberie.fr\/wp-content\/uploads\/2023\/04\/cropped-logotfp-entete-1.jpg","contentUrl":"https:\/\/www.anjou-tfp-plomberie.fr\/wp-content\/uploads\/2023\/04\/cropped-logotfp-entete-1.jpg","width":171,"height":70,"caption":"Anjou TFP Plomberie"},"image":{"@id":"https:\/\/www.anjou-tfp-plomberie.fr\/inlog\/#\/schema\/logo\/image\/"},"sameAs":["https:\/\/www.facebook.com\/AnjouTfpPlomberieToubin\/?locale=fr_FR","https:\/\/www.pagesjaunes.fr\/pros\/54400017"]}]}},"_links":{"self":[{"href":"https:\/\/www.anjou-tfp-plomberie.fr\/inlog\/wp-json\/wp\/v2\/pages\/270","targetHints":{"allow":["GET"]}}],"collection":[{"href":"https:\/\/www.anjou-tfp-plomberie.fr\/inlog\/wp-json\/wp\/v2\/pages"}],"about":[{"href":"https:\/\/www.anjou-tfp-plomberie.fr\/inlog\/wp-json\/wp\/v2\/types\/page"}],"author":[{"embeddable":true,"href":"https:\/\/www.anjou-tfp-plomberie.fr\/inlog\/wp-json\/wp\/v2\/users\/1"}],"replies":[{"embeddable":true,"href":"https:\/\/www.anjou-tfp-plomberie.fr\/inlog\/wp-json\/wp\/v2\/comments?post=270"}],"version-history":[{"count":10,"href":"https:\/\/www.anjou-tfp-plomberie.fr\/inlog\/wp-json\/wp\/v2\/pages\/270\/revisions"}],"predecessor-version":[{"id":287,"href":"https:\/\/www.anjou-tfp-plomberie.fr\/inlog\/wp-json\/wp\/v2\/pages\/270\/revisions\/287"}],"wp:attachment":[{"href":"https:\/\/www.anjou-tfp-plomberie.fr\/inlog\/wp-json\/wp\/v2\/media?parent=270"}],"curies":[{"name":"wp","href":"https:\/\/api.w.org\/{rel}","templated":true}]}}